{"id":798,"date":"2025-05-05T12:14:28","date_gmt":"2025-05-05T12:14:28","guid":{"rendered":"https:\/\/qabiotechconsultancy.com\/ueber-uns\/"},"modified":"2025-08-11T11:37:57","modified_gmt":"2025-08-11T11:37:57","slug":"ueber-uns","status":"publish","type":"page","link":"https:\/\/qabiotechconsultancy.com\/de\/ueber-uns\/","title":{"rendered":"\u00dcber uns"},"content":{"rendered":"\t\t<div data-elementor-type=\"wp-page\" data-elementor-id=\"798\" class=\"elementor elementor-798 elementor-301\" data-elementor-post-type=\"page\">\n\t\t\t\t<div class=\"elementor-element elementor-element-b4f2081 e-flex e-con-boxed e-con e-parent\" data-id=\"b4f2081\" data-element_type=\"container\" data-e-type=\"container\" data-settings=\"{&quot;background_background&quot;:&quot;classic&quot;,&quot;background_motion_fx_motion_fx_mouse&quot;:&quot;yes&quot;,&quot;background_motion_fx_mouseTrack_effect&quot;:&quot;yes&quot;,&quot;background_motion_fx_mouseTrack_speed&quot;:{&quot;unit&quot;:&quot;px&quot;,&quot;size&quot;:1,&quot;sizes&quot;:[]}}\">\n\t\t\t\t\t<div class=\"e-con-inner\">\n\t\t\t\t<div class=\"elementor-element elementor-element-867e3ce elementor-widget elementor-widget-heading\" data-id=\"867e3ce\" data-element_type=\"widget\" data-e-type=\"widget\" data-widget_type=\"heading.default\">\n\t\t\t\t\t<h1 class=\"elementor-heading-title elementor-size-default\"> <span style=\"font-weight: 700\">\nEin spezialisierter Dienstleister\n<\/span><br><span style=\"font-size:0.6em\">QA Biotech Consultancy<\/span><\/h1>\t\t\t\t<\/div>\n\t\t\t\t<div class=\"elementor-element elementor-element-cc8cb5f elementor-widget elementor-widget-text-editor\" data-id=\"cc8cb5f\" data-element_type=\"widget\" data-e-type=\"widget\" data-widget_type=\"text-editor.default\">\n\t\t\t\t\t\t\t\t\tIch biete ma\u00dfgeschneiderte Unterst\u00fctzung im Bereich Qualit\u00e4tssicherung f\u00fcr Pharmahersteller und Biotechnologieunternehmen aller Bereiche \u2013 mit dem Ziel, regulatorische Compliance, operative Exzellenz und Produktintegrit\u00e4t sicherzustellen. Dank meiner umfangreichen Erfahrung in regulierten Umgebungen unterst\u00fctze ich Sponsoren, CROs\/CMOs sowie Produktionsstandorte dabei, ihre Qualit\u00e4tssicherungsziele und Compliance-Standards zu erreichen.  \t\t\t\t\t\t\t\t<\/div>\n\t\t\t\t\t<\/div>\n\t\t\t\t<\/div>\n\t\t<div class=\"elementor-element elementor-element-eaa883f e-flex e-con-boxed e-con e-parent\" data-id=\"eaa883f\" data-element_type=\"container\" data-e-type=\"container\" data-settings=\"{&quot;background_background&quot;:&quot;classic&quot;}\">\n\t\t\t\t\t<div class=\"e-con-inner\">\n\t\t\t\t\t<\/div>\n\t\t\t\t<\/div>\n\t\t<div class=\"elementor-element elementor-element-28d8213 e-flex e-con-boxed e-con e-parent\" data-id=\"28d8213\" data-element_type=\"container\" data-e-type=\"container\">\n\t\t\t\t\t<div class=\"e-con-inner\">\n\t\t<div class=\"elementor-element elementor-element-c07734c e-con-full e-flex e-con e-child\" data-id=\"c07734c\" data-element_type=\"container\" data-e-type=\"container\">\n\t\t\t\t<div class=\"elementor-element elementor-element-e50e0c1 elementor-widget__width-auto elementor-absolute elementor-widget elementor-widget-heading\" data-id=\"e50e0c1\" data-element_type=\"widget\" data-e-type=\"widget\" data-settings=\"{&quot;_position&quot;:&quot;absolute&quot;}\" data-widget_type=\"heading.default\">\n\t\t\t\t\t<h2 class=\"elementor-heading-title elementor-size-default\">\u00dcber uns<\/h2>\t\t\t\t<\/div>\n\t\t\t\t<div class=\"elementor-element elementor-element-c4d6228 elementor-widget elementor-widget-image\" data-id=\"c4d6228\" data-element_type=\"widget\" data-e-type=\"widget\" data-widget_type=\"image.default\">\n\t\t\t\t\t\t\t\t\t\t\t\t\t\t\t<img fetchpriority=\"high\" decoding=\"async\" width=\"755\" height=\"1024\" src=\"https:\/\/qabiotechconsultancy.com\/wp-content\/uploads\/2025\/07\/Nadja-2730-755x1024.jpg\" class=\"attachment-large size-large wp-image-806\" alt=\"\" srcset=\"https:\/\/qabiotechconsultancy.com\/wp-content\/uploads\/2025\/07\/Nadja-2730-755x1024.jpg 755w, https:\/\/qabiotechconsultancy.com\/wp-content\/uploads\/2025\/07\/Nadja-2730-221x300.jpg 221w, https:\/\/qabiotechconsultancy.com\/wp-content\/uploads\/2025\/07\/Nadja-2730-768x1042.jpg 768w, https:\/\/qabiotechconsultancy.com\/wp-content\/uploads\/2025\/07\/Nadja-2730-1132x1536.jpg 1132w, https:\/\/qabiotechconsultancy.com\/wp-content\/uploads\/2025\/07\/Nadja-2730-1509x2048.jpg 1509w, https:\/\/qabiotechconsultancy.com\/wp-content\/uploads\/2025\/07\/Nadja-2730-scaled.jpg 1887w\" sizes=\"(max-width: 755px) 100vw, 755px\" \/>\t\t\t\t\t\t\t\t\t\t\t\t\t\t\t<\/div>\n\t\t\t\t<\/div>\n\t\t<div class=\"elementor-element elementor-element-97d4456 e-con-full e-flex e-con e-child\" data-id=\"97d4456\" data-element_type=\"container\" data-e-type=\"container\">\n\t\t\t\t<div class=\"elementor-element elementor-element-bc06379 elementor-widget elementor-widget-text-editor\" data-id=\"bc06379\" data-element_type=\"widget\" data-e-type=\"widget\" data-widget_type=\"text-editor.default\">\n\t\t\t\t\t\t\t\t\t<p><strong>QA Biotech Consultancy<\/strong> wurde 2016 von <strong>Dr. Huetz<\/strong> gegr\u00fcndet, einer erfahrenen Spezialistin f\u00fcr Qualit\u00e4tssicherung und Sachkundige Person (QP) gem\u00e4\u00df \u00a715 (3) und (3a) des deutschen Arzneimittelgesetzes (AMG), qualifiziert f\u00fcr ATMPs, Impfstoffen und pharmazeutische Produkte. Mit \u00fcber 20 Jahren Erfahrung in der pharmazeutischen und biotechnologischen Industrie verbindet Dr. Huetz fundierte wissenschaftliche Expertise mit strategischer F\u00fchrungsst\u00e4rke. Sie promovierte in Molekularbiologie und Biochemie an der Universit\u00e4t Innsbruck (\u00d6sterreich) und erwarb einen MBA mit Schwerpunkt Projekt- und Prozessmanagement an der Wirtschaftsuniversit\u00e4t Wien.<\/p>\t\t\t\t\t\t\t\t<\/div>\n\t\t\t\t<div class=\"elementor-element elementor-element-582e46e elementor-widget-divider--view-line elementor-widget elementor-widget-divider\" data-id=\"582e46e\" data-element_type=\"widget\" data-e-type=\"widget\" data-widget_type=\"divider.default\">\n\t\t\t\t\t\t\t<div class=\"elementor-divider\">\n\t\t\t<span class=\"elementor-divider-separator\">\n\t\t\t\t\t\t<\/span>\n\t\t<\/div>\n\t\t\t\t\t\t<\/div>\n\t\t\t\t<div class=\"elementor-element elementor-element-bcfb180 elementor-widget elementor-widget-text-editor\" data-id=\"bcfb180\" data-element_type=\"widget\" data-e-type=\"widget\" data-widget_type=\"text-editor.default\">\n\t\t\t\t\t\t\t\t\t<p>Im Verlauf ihrer Karriere hat Dr. Huetz erfolgreich funktions\u00fcbergreifende und Matrix-Teams gef\u00fchrt, komplexe klinische und GMP-Projekte geleitet und als Projektverantwortliche gem\u00e4\u00df \u00a715 GenTSV des Gentechnikgesetzes fungiert. Ihre praxisnahe Erfahrung umfasst das gesamte Spektrum der Qualit\u00e4ts- und regulatorischen Anforderungen \u2013 einschlie\u00dflich Qualit\u00e4tssicherung, Qualit\u00e4tskontrolle, regulatorischer Compliance, Audits, klinischer Studien, Projektmanagement sowie Steuerung und \u00dcberwachung externer Dienstleister. <\/p>\t\t\t\t\t\t\t\t<\/div>\n\t\t\t\t<div class=\"elementor-element elementor-element-fdd5695 elementor-widget-divider--view-line elementor-widget elementor-widget-divider\" data-id=\"fdd5695\" data-element_type=\"widget\" data-e-type=\"widget\" data-widget_type=\"divider.default\">\n\t\t\t\t\t\t\t<div class=\"elementor-divider\">\n\t\t\t<span class=\"elementor-divider-separator\">\n\t\t\t\t\t\t<\/span>\n\t\t<\/div>\n\t\t\t\t\t\t<\/div>\n\t\t\t\t<div class=\"elementor-element elementor-element-6a6bb37 elementor-widget elementor-widget-text-editor\" data-id=\"6a6bb37\" data-element_type=\"widget\" data-e-type=\"widget\" data-widget_type=\"text-editor.default\">\n\t\t\t\t\t\t\t\t\t<p>W\u00e4hrend ihrer 10-j\u00e4hrigen T\u00e4tigkeit bei Sandoz\/Novartis \u2013 unter anderem als <strong>Head of Global Clinical Quality Assurance<\/strong> \u2013 leitete Dr. Huetz bedeutende globale Initiativen zur Harmonisierung klinischer QA-Prozesse \u00fcber internationale Standorte hinweg. Sie entwickelte und implementierte skalierbare Qualit\u00e4tsrahmenwerke, optimierte Compliance-Prozesse und etablierte eine Kultur der kontinuierlichen Verbesserung. Dadurch st\u00e4rkte sie ma\u00dfgeblich die Audit-Bereitschaft und erh\u00f6hte die operative Konsistenz in komplexen regulatorischen Umfeldern. <\/p>\t\t\t\t\t\t\t\t<\/div>\n\t\t\t\t<div class=\"elementor-element elementor-element-917cc23 elementor-widget-divider--view-line elementor-widget elementor-widget-divider\" data-id=\"917cc23\" data-element_type=\"widget\" data-e-type=\"widget\" data-widget_type=\"divider.default\">\n\t\t\t\t\t\t\t<div class=\"elementor-divider\">\n\t\t\t<span class=\"elementor-divider-separator\">\n\t\t\t\t\t\t<\/span>\n\t\t<\/div>\n\t\t\t\t\t\t<\/div>\n\t\t\t\t<div class=\"elementor-element elementor-element-18dec29 elementor-widget elementor-widget-text-editor\" data-id=\"18dec29\" data-element_type=\"widget\" data-e-type=\"widget\" data-widget_type=\"text-editor.default\">\n\t\t\t\t\t\t\t\t\t<p>Neben ihrer Beratungst\u00e4tigkeit war Dr. Huetz als <strong>Gesch\u00e4ftsf\u00fchrerin des Vienna Clinical Trial Center<\/strong> an der Abteilung f\u00fcr Augenheilkunde der Medizinischen Universit\u00e4t Wien t\u00e4tig. Dort brachte sie ihre Expertise an der Schnittstelle von klinischer Forschung und regulatorischer Exzellenz gezielt ein.<\/p>\t\t\t\t\t\t\t\t<\/div>\n\t\t\t\t<div class=\"elementor-element elementor-element-2ebf293 elementor-widget-divider--view-line elementor-widget elementor-widget-divider\" data-id=\"2ebf293\" data-element_type=\"widget\" data-e-type=\"widget\" data-widget_type=\"divider.default\">\n\t\t\t\t\t\t\t<div class=\"elementor-divider\">\n\t\t\t<span class=\"elementor-divider-separator\">\n\t\t\t\t\t\t<\/span>\n\t\t<\/div>\n\t\t\t\t\t\t<\/div>\n\t\t\t\t<div class=\"elementor-element elementor-element-1e05293 elementor-widget elementor-widget-text-editor\" data-id=\"1e05293\" data-element_type=\"widget\" data-e-type=\"widget\" data-widget_type=\"text-editor.default\">\n\t\t\t\t\t\t\t\t\t<p>Bei <strong>QA Biotech Consultancy<\/strong> bringt Dr. Huetz ihre umfassende Erfahrunggezielt ein, um Kunden aus den Life Sciences weltweit zu unterst\u00fctzen. Die Beratung bietet fundierte Expertise in den Bereichen GCP-, GLP- und GMP-Compliance \u2013 und unterst\u00fctzt Organisationen dabei, robuste, zukunftsf\u00e4hige Qualit\u00e4tssysteme aufzubauen und aufrechtzuerhalten, die Innovation f\u00f6rdern und gleichzeitig regulatorische Anforderungen sowie Patientensicherheit gew\u00e4hrleisten. <\/p>\t\t\t\t\t\t\t\t<\/div>\n\t\t\t\t<\/div>\n\t\t\t\t\t<\/div>\n\t\t\t\t<\/div>\n\t\t<div class=\"elementor-element elementor-element-92db7ad e-flex e-con-boxed e-con e-parent\" data-id=\"92db7ad\" data-element_type=\"container\" data-e-type=\"container\" data-settings=\"{&quot;background_background&quot;:&quot;classic&quot;}\">\n\t\t\t\t\t<div class=\"e-con-inner\">\n\t\t<div class=\"elementor-element elementor-element-08a6c0b e-con-full e-flex e-con e-child\" data-id=\"08a6c0b\" data-element_type=\"container\" data-e-type=\"container\">\n\t\t\t\t<div class=\"elementor-element elementor-element-0f44a52 elementor-widget__width-auto elementor-widget elementor-widget-heading\" data-id=\"0f44a52\" data-element_type=\"widget\" data-e-type=\"widget\" data-widget_type=\"heading.default\">\n\t\t\t\t\t<h2 class=\"elementor-heading-title elementor-size-default\">Qualit\u00e4tssicherung und QP-Outsourcing als strategische S\u00e4ule Ihrer Unternehmensprozesse positionieren\n<\/h2>\t\t\t\t<\/div>\n\t\t\t\t<\/div>\n\t\t<div class=\"elementor-element elementor-element-ae736a8 e-con-full e-flex e-con e-child\" data-id=\"ae736a8\" data-element_type=\"container\" data-e-type=\"container\">\n\t\t\t\t<div class=\"elementor-element elementor-element-c1b011f elementor-widget elementor-widget-text-editor\" data-id=\"c1b011f\" data-element_type=\"widget\" data-e-type=\"widget\" data-widget_type=\"text-editor.default\">\n\t\t\t\t\t\t\t\t\tKontaktieren Sie uns!\t\t\t\t\t\t\t\t<\/div>\n\t\t\t\t<div class=\"elementor-element elementor-element-e8d0114 elementor-hidden-desktop elementor-hidden-tablet elementor-hidden-mobile elementor-widget elementor-widget-text-editor\" data-id=\"e8d0114\" data-element_type=\"widget\" data-e-type=\"widget\" data-widget_type=\"text-editor.default\">\n\t\t\t\t\t\t\t\t\t<p>Telefon<\/p>\t\t\t\t\t\t\t\t<\/div>\n\t\t\t\t<div class=\"elementor-element elementor-element-e0e0574 elementor-hidden-desktop elementor-hidden-tablet elementor-hidden-mobile elementor-widget elementor-widget-text-editor\" data-id=\"e0e0574\" data-element_type=\"widget\" data-e-type=\"widget\" data-widget_type=\"text-editor.default\">\n\t\t\t\t\t\t\t\t\t<p>+43 664 3062020<\/p>\t\t\t\t\t\t\t\t<\/div>\n\t\t\t\t<div class=\"elementor-element elementor-element-2a50c24 elementor-widget elementor-widget-text-editor\" data-id=\"2a50c24\" data-element_type=\"widget\" data-e-type=\"widget\" data-widget_type=\"text-editor.default\">\n\t\t\t\t\t\t\t\t\t<p>E-Mail<\/p>\t\t\t\t\t\t\t\t<\/div>\n\t\t\t\t<div class=\"elementor-element elementor-element-5111713 elementor-widget elementor-widget-text-editor\" data-id=\"5111713\" data-element_type=\"widget\" data-e-type=\"widget\" data-widget_type=\"text-editor.default\">\n\t\t\t\t\t\t\t\t\t<a class=\"spectrum-Link\" href=\"mailto:info@qabiotechconsultancy.com\" target=\"_blank\" rel=\"noopener noreferrer\">info@qabiotechconsultancy.com<\/a>\t\t\t\t\t\t\t\t<\/div>\n\t\t\t\t<\/div>\n\t\t\t\t\t<\/div>\n\t\t\t\t<\/div>\n\t\t\t\t<\/div>\n\t\t","protected":false},"excerpt":{"rendered":"<p>Ein spezialisierter Dienstleister QA Biotech Consultancy Ich biete ma\u00dfgeschneiderte Unterst\u00fctzung im Bereich Qualit\u00e4tssicherung f\u00fcr Pharmahersteller und Biotechnologieunternehmen aller Bereiche \u2013 mit dem Ziel, regulatorische Compliance, operative Exzellenz und Produktintegrit\u00e4t sicherzustellen. Dank meiner umfangreichen Erfahrung in regulierten Umgebungen unterst\u00fctze ich Sponsoren, CROs\/CMOs sowie Produktionsstandorte dabei, ihre Qualit\u00e4tssicherungsziele und Compliance-Standards zu erreichen. \u00dcber uns QA Biotech Consultancy [&hellip;]<\/p>\n","protected":false},"author":2,"featured_media":0,"parent":0,"menu_order":0,"comment_status":"closed","ping_status":"closed","template":"","meta":{"footnotes":""},"class_list":["post-798","page","type-page","status-publish","hentry"],"yoast_head":"<!-- This site is optimized with the Yoast SEO plugin v27.5 - https:\/\/yoast.com\/product\/yoast-seo-wordpress\/ -->\n<title>\u00dcber uns - QA Biotech Consultancy<\/title>\n<meta name=\"robots\" content=\"index, follow, max-snippet:-1, max-image-preview:large, max-video-preview:-1\" \/>\n<link rel=\"canonical\" href=\"https:\/\/qabiotechconsultancy.com\/de\/ueber-uns\/\" \/>\n<meta property=\"og:locale\" content=\"de_DE\" \/>\n<meta property=\"og:type\" content=\"article\" \/>\n<meta property=\"og:title\" content=\"\u00dcber uns - QA Biotech Consultancy\" \/>\n<meta property=\"og:description\" content=\"Ein spezialisierter Dienstleister QA Biotech Consultancy Ich biete ma\u00dfgeschneiderte Unterst\u00fctzung im Bereich Qualit\u00e4tssicherung f\u00fcr Pharmahersteller und Biotechnologieunternehmen aller Bereiche \u2013 mit dem Ziel, regulatorische Compliance, operative Exzellenz und Produktintegrit\u00e4t sicherzustellen. Dank meiner umfangreichen Erfahrung in regulierten Umgebungen unterst\u00fctze ich Sponsoren, CROs\/CMOs sowie Produktionsstandorte dabei, ihre Qualit\u00e4tssicherungsziele und Compliance-Standards zu erreichen. \u00dcber uns QA Biotech Consultancy [&hellip;]\" \/>\n<meta property=\"og:url\" content=\"https:\/\/qabiotechconsultancy.com\/de\/ueber-uns\/\" \/>\n<meta property=\"og:site_name\" content=\"QA Biotech Consultancy\" \/>\n<meta property=\"article:modified_time\" content=\"2025-08-11T11:37:57+00:00\" \/>\n<meta property=\"og:image\" content=\"https:\/\/qabiotechconsultancy.com\/wp-content\/uploads\/2025\/07\/Nadja-2730-scaled.jpg\" \/>\n\t<meta property=\"og:image:width\" content=\"1887\" \/>\n\t<meta property=\"og:image:height\" content=\"2560\" \/>\n\t<meta property=\"og:image:type\" content=\"image\/jpeg\" \/>\n<meta name=\"twitter:card\" content=\"summary_large_image\" \/>\n<meta name=\"twitter:label1\" content=\"Gesch\u00e4tzte Lesezeit\" \/>\n\t<meta name=\"twitter:data1\" content=\"2\u00a0Minuten\" \/>\n<script type=\"application\/ld+json\" class=\"yoast-schema-graph\">{\"@context\":\"https:\\\/\\\/schema.org\",\"@graph\":[{\"@type\":\"WebPage\",\"@id\":\"https:\\\/\\\/qabiotechconsultancy.com\\\/de\\\/ueber-uns\\\/\",\"url\":\"https:\\\/\\\/qabiotechconsultancy.com\\\/de\\\/ueber-uns\\\/\",\"name\":\"\u00dcber uns - QA Biotech Consultancy\",\"isPartOf\":{\"@id\":\"https:\\\/\\\/qabiotechconsultancy.com\\\/de\\\/#website\"},\"primaryImageOfPage\":{\"@id\":\"https:\\\/\\\/qabiotechconsultancy.com\\\/de\\\/ueber-uns\\\/#primaryimage\"},\"image\":{\"@id\":\"https:\\\/\\\/qabiotechconsultancy.com\\\/de\\\/ueber-uns\\\/#primaryimage\"},\"thumbnailUrl\":\"https:\\\/\\\/qabiotechconsultancy.com\\\/wp-content\\\/uploads\\\/2025\\\/07\\\/Nadja-2730-755x1024.jpg\",\"datePublished\":\"2025-05-05T12:14:28+00:00\",\"dateModified\":\"2025-08-11T11:37:57+00:00\",\"breadcrumb\":{\"@id\":\"https:\\\/\\\/qabiotechconsultancy.com\\\/de\\\/ueber-uns\\\/#breadcrumb\"},\"inLanguage\":\"de\",\"potentialAction\":[{\"@type\":\"ReadAction\",\"target\":[\"https:\\\/\\\/qabiotechconsultancy.com\\\/de\\\/ueber-uns\\\/\"]}]},{\"@type\":\"ImageObject\",\"inLanguage\":\"de\",\"@id\":\"https:\\\/\\\/qabiotechconsultancy.com\\\/de\\\/ueber-uns\\\/#primaryimage\",\"url\":\"https:\\\/\\\/qabiotechconsultancy.com\\\/wp-content\\\/uploads\\\/2025\\\/07\\\/Nadja-2730-755x1024.jpg\",\"contentUrl\":\"https:\\\/\\\/qabiotechconsultancy.com\\\/wp-content\\\/uploads\\\/2025\\\/07\\\/Nadja-2730-755x1024.jpg\"},{\"@type\":\"BreadcrumbList\",\"@id\":\"https:\\\/\\\/qabiotechconsultancy.com\\\/de\\\/ueber-uns\\\/#breadcrumb\",\"itemListElement\":[{\"@type\":\"ListItem\",\"position\":1,\"name\":\"Home\",\"item\":\"https:\\\/\\\/qabiotechconsultancy.com\\\/de\\\/startseite\\\/\"},{\"@type\":\"ListItem\",\"position\":2,\"name\":\"\u00dcber uns\"}]},{\"@type\":\"WebSite\",\"@id\":\"https:\\\/\\\/qabiotechconsultancy.com\\\/de\\\/#website\",\"url\":\"https:\\\/\\\/qabiotechconsultancy.com\\\/de\\\/\",\"name\":\"QA Biotech Consultancy\",\"description\":\"Dr. Gabriela-Nadja Huetz\",\"publisher\":{\"@id\":\"https:\\\/\\\/qabiotechconsultancy.com\\\/de\\\/#organization\"},\"potentialAction\":[{\"@type\":\"SearchAction\",\"target\":{\"@type\":\"EntryPoint\",\"urlTemplate\":\"https:\\\/\\\/qabiotechconsultancy.com\\\/de\\\/?s={search_term_string}\"},\"query-input\":{\"@type\":\"PropertyValueSpecification\",\"valueRequired\":true,\"valueName\":\"search_term_string\"}}],\"inLanguage\":\"de\"},{\"@type\":\"Organization\",\"@id\":\"https:\\\/\\\/qabiotechconsultancy.com\\\/de\\\/#organization\",\"name\":\"QA Biotech Consultancy\",\"url\":\"https:\\\/\\\/qabiotechconsultancy.com\\\/de\\\/\",\"logo\":{\"@type\":\"ImageObject\",\"inLanguage\":\"de\",\"@id\":\"https:\\\/\\\/qabiotechconsultancy.com\\\/de\\\/#\\\/schema\\\/logo\\\/image\\\/\",\"url\":\"https:\\\/\\\/qabiotechconsultancy.com\\\/wp-content\\\/uploads\\\/2025\\\/04\\\/Logo_QA_gruen-scaled.png\",\"contentUrl\":\"https:\\\/\\\/qabiotechconsultancy.com\\\/wp-content\\\/uploads\\\/2025\\\/04\\\/Logo_QA_gruen-scaled.png\",\"width\":2560,\"height\":683,\"caption\":\"QA Biotech Consultancy\"},\"image\":{\"@id\":\"https:\\\/\\\/qabiotechconsultancy.com\\\/de\\\/#\\\/schema\\\/logo\\\/image\\\/\"}}]}<\/script>\n<!-- \/ Yoast SEO plugin. -->","yoast_head_json":{"title":"\u00dcber uns - QA Biotech Consultancy","robots":{"index":"index","follow":"follow","max-snippet":"max-snippet:-1","max-image-preview":"max-image-preview:large","max-video-preview":"max-video-preview:-1"},"canonical":"https:\/\/qabiotechconsultancy.com\/de\/ueber-uns\/","og_locale":"de_DE","og_type":"article","og_title":"\u00dcber uns - QA Biotech Consultancy","og_description":"Ein spezialisierter Dienstleister QA Biotech Consultancy Ich biete ma\u00dfgeschneiderte Unterst\u00fctzung im Bereich Qualit\u00e4tssicherung f\u00fcr Pharmahersteller und Biotechnologieunternehmen aller Bereiche \u2013 mit dem Ziel, regulatorische Compliance, operative Exzellenz und Produktintegrit\u00e4t sicherzustellen. Dank meiner umfangreichen Erfahrung in regulierten Umgebungen unterst\u00fctze ich Sponsoren, CROs\/CMOs sowie Produktionsstandorte dabei, ihre Qualit\u00e4tssicherungsziele und Compliance-Standards zu erreichen. \u00dcber uns QA Biotech Consultancy [&hellip;]","og_url":"https:\/\/qabiotechconsultancy.com\/de\/ueber-uns\/","og_site_name":"QA Biotech Consultancy","article_modified_time":"2025-08-11T11:37:57+00:00","og_image":[{"width":1887,"height":2560,"url":"https:\/\/qabiotechconsultancy.com\/wp-content\/uploads\/2025\/07\/Nadja-2730-scaled.jpg","type":"image\/jpeg"}],"twitter_card":"summary_large_image","twitter_misc":{"Gesch\u00e4tzte Lesezeit":"2\u00a0Minuten"},"schema":{"@context":"https:\/\/schema.org","@graph":[{"@type":"WebPage","@id":"https:\/\/qabiotechconsultancy.com\/de\/ueber-uns\/","url":"https:\/\/qabiotechconsultancy.com\/de\/ueber-uns\/","name":"\u00dcber uns - QA Biotech Consultancy","isPartOf":{"@id":"https:\/\/qabiotechconsultancy.com\/de\/#website"},"primaryImageOfPage":{"@id":"https:\/\/qabiotechconsultancy.com\/de\/ueber-uns\/#primaryimage"},"image":{"@id":"https:\/\/qabiotechconsultancy.com\/de\/ueber-uns\/#primaryimage"},"thumbnailUrl":"https:\/\/qabiotechconsultancy.com\/wp-content\/uploads\/2025\/07\/Nadja-2730-755x1024.jpg","datePublished":"2025-05-05T12:14:28+00:00","dateModified":"2025-08-11T11:37:57+00:00","breadcrumb":{"@id":"https:\/\/qabiotechconsultancy.com\/de\/ueber-uns\/#breadcrumb"},"inLanguage":"de","potentialAction":[{"@type":"ReadAction","target":["https:\/\/qabiotechconsultancy.com\/de\/ueber-uns\/"]}]},{"@type":"ImageObject","inLanguage":"de","@id":"https:\/\/qabiotechconsultancy.com\/de\/ueber-uns\/#primaryimage","url":"https:\/\/qabiotechconsultancy.com\/wp-content\/uploads\/2025\/07\/Nadja-2730-755x1024.jpg","contentUrl":"https:\/\/qabiotechconsultancy.com\/wp-content\/uploads\/2025\/07\/Nadja-2730-755x1024.jpg"},{"@type":"BreadcrumbList","@id":"https:\/\/qabiotechconsultancy.com\/de\/ueber-uns\/#breadcrumb","itemListElement":[{"@type":"ListItem","position":1,"name":"Home","item":"https:\/\/qabiotechconsultancy.com\/de\/startseite\/"},{"@type":"ListItem","position":2,"name":"\u00dcber uns"}]},{"@type":"WebSite","@id":"https:\/\/qabiotechconsultancy.com\/de\/#website","url":"https:\/\/qabiotechconsultancy.com\/de\/","name":"QA Biotech Consultancy","description":"Dr. Gabriela-Nadja Huetz","publisher":{"@id":"https:\/\/qabiotechconsultancy.com\/de\/#organization"},"potentialAction":[{"@type":"SearchAction","target":{"@type":"EntryPoint","urlTemplate":"https:\/\/qabiotechconsultancy.com\/de\/?s={search_term_string}"},"query-input":{"@type":"PropertyValueSpecification","valueRequired":true,"valueName":"search_term_string"}}],"inLanguage":"de"},{"@type":"Organization","@id":"https:\/\/qabiotechconsultancy.com\/de\/#organization","name":"QA Biotech Consultancy","url":"https:\/\/qabiotechconsultancy.com\/de\/","logo":{"@type":"ImageObject","inLanguage":"de","@id":"https:\/\/qabiotechconsultancy.com\/de\/#\/schema\/logo\/image\/","url":"https:\/\/qabiotechconsultancy.com\/wp-content\/uploads\/2025\/04\/Logo_QA_gruen-scaled.png","contentUrl":"https:\/\/qabiotechconsultancy.com\/wp-content\/uploads\/2025\/04\/Logo_QA_gruen-scaled.png","width":2560,"height":683,"caption":"QA Biotech Consultancy"},"image":{"@id":"https:\/\/qabiotechconsultancy.com\/de\/#\/schema\/logo\/image\/"}}]}},"_links":{"self":[{"href":"https:\/\/qabiotechconsultancy.com\/de\/wp-json\/wp\/v2\/pages\/798","targetHints":{"allow":["GET"]}}],"collection":[{"href":"https:\/\/qabiotechconsultancy.com\/de\/wp-json\/wp\/v2\/pages"}],"about":[{"href":"https:\/\/qabiotechconsultancy.com\/de\/wp-json\/wp\/v2\/types\/page"}],"author":[{"embeddable":true,"href":"https:\/\/qabiotechconsultancy.com\/de\/wp-json\/wp\/v2\/users\/2"}],"replies":[{"embeddable":true,"href":"https:\/\/qabiotechconsultancy.com\/de\/wp-json\/wp\/v2\/comments?post=798"}],"version-history":[{"count":7,"href":"https:\/\/qabiotechconsultancy.com\/de\/wp-json\/wp\/v2\/pages\/798\/revisions"}],"predecessor-version":[{"id":966,"href":"https:\/\/qabiotechconsultancy.com\/de\/wp-json\/wp\/v2\/pages\/798\/revisions\/966"}],"wp:attachment":[{"href":"https:\/\/qabiotechconsultancy.com\/de\/wp-json\/wp\/v2\/media?parent=798"}],"curies":[{"name":"wp","href":"https:\/\/api.w.org\/{rel}","templated":true}]}}