{"id":826,"date":"2025-04-30T12:32:04","date_gmt":"2025-04-30T12:32:04","guid":{"rendered":"https:\/\/qabiotechconsultancy.com\/impressum\/"},"modified":"2025-08-04T08:10:17","modified_gmt":"2025-08-04T08:10:17","slug":"impressum","status":"publish","type":"page","link":"https:\/\/qabiotechconsultancy.com\/de\/impressum\/","title":{"rendered":"Impressum"},"content":{"rendered":"\t\t<div data-elementor-type=\"wp-page\" data-elementor-id=\"826\" class=\"elementor elementor-826 elementor-176\" data-elementor-post-type=\"page\">\n\t\t\t\t<div class=\"elementor-element elementor-element-be7d644 e-flex e-con-boxed e-con e-parent\" data-id=\"be7d644\" data-element_type=\"container\" data-e-type=\"container\">\n\t\t\t\t\t<div class=\"e-con-inner\">\n\t\t\t\t<div class=\"elementor-element elementor-element-089e5bb elementor-widget elementor-widget-heading\" data-id=\"089e5bb\" data-element_type=\"widget\" data-e-type=\"widget\" data-widget_type=\"heading.default\">\n\t\t\t\t\t<h1 class=\"elementor-heading-title elementor-size-default\"> <span style=\"font-weight: 700\">\nImpressum\n<\/span><br>\n<\/h1>\t\t\t\t<\/div>\n\t\t\t\t\t<\/div>\n\t\t\t\t<\/div>\n\t\t<div class=\"elementor-element elementor-element-0594b0e e-flex e-con-boxed e-con e-parent\" data-id=\"0594b0e\" data-element_type=\"container\" data-e-type=\"container\">\n\t\t\t\t\t<div class=\"e-con-inner\">\n\t\t\t\t<div class=\"elementor-element elementor-element-4d4a8d3 elementor-widget__width-initial elementor-widget elementor-widget-text-editor\" data-id=\"4d4a8d3\" data-element_type=\"widget\" data-e-type=\"widget\" data-widget_type=\"text-editor.default\">\n\t\t\t\t\t\t\t\t\t<p><strong>QA BioTech Consultancy LTD<\/strong><br>Gladstonos 12<br>8046 Paphos<br>Zypern<\/p><p><strong>Telefon AT:<\/strong> +43 6643062020<br><strong>Telefon CY:<\/strong> +357 95 552020<br><strong>E-Mail:<\/strong> info@qabiotechconsultancy.com<\/p><p><strong>Handelsregister Nikosia:<\/strong> HE433482<\/p><p><strong>MEHRWERTSTEUER-NUMMER:<\/strong> CY10433482S<\/p>\t\t\t\t\t\t\t\t<\/div>\n\t\t\t\t\t<\/div>\n\t\t\t\t<\/div>\n\t\t<div class=\"elementor-element elementor-element-e5a0769 e-flex e-con-boxed e-con e-parent\" data-id=\"e5a0769\" data-element_type=\"container\" data-e-type=\"container\">\n\t\t\t\t\t<div class=\"e-con-inner\">\n\t\t\t\t<div class=\"elementor-element elementor-element-b4fb2f9 elementor-widget elementor-widget-heading\" data-id=\"b4fb2f9\" data-element_type=\"widget\" data-e-type=\"widget\" data-widget_type=\"heading.default\">\n\t\t\t\t\t<h2 class=\"elementor-heading-title elementor-size-default\">Haftungsausschluss<\/h2>\t\t\t\t<\/div>\n\t\t\t\t<div class=\"elementor-element elementor-element-c45ab60 elementor-widget__width-initial elementor-widget elementor-widget-text-editor\" data-id=\"c45ab60\" data-element_type=\"widget\" data-e-type=\"widget\" data-widget_type=\"text-editor.default\">\n\t\t\t\t\t\t\t\t\t<ol>\n<li><strong>Inhalt des Online-Angebots<\/strong><\/li>\n<\/ol>\n<p>Der Autor selbst und die Informationszubringer sind stets bem\u00fcht, qualitativ hochwertige Informationen zur Verf\u00fcgung zu stellen. Dennoch \u00fcbernimmt der Autor keinerlei Gew\u00e4hr f\u00fcr die Aktualit\u00e4t, Korrektheit, Vollst\u00e4ndigkeit oder Qualit\u00e4t der bereitgestellten Informationen. Haftungsanspr\u00fcche gegen den Autor, welche sich auf Sch\u00e4den materieller oder ideeller Art beziehen, die durch die Nutzung oder Nichtnutzung der dargebotenen Informationen bzw. durch die Nutzung fehlerhafter und unvollst\u00e4ndiger Informationen verursacht wurden, sind grunds\u00e4tzlich ausgeschlossen, sofern seitens des Autors kein nachweislich vors\u00e4tzliches oder grob fahrl\u00e4ssiges Verschulden vorliegt. Alle Angebote sind freibleibend und unverbindlich. Der Autor beh\u00e4lt es sich ausdr\u00fccklich vor, Teile der Seiten oder das gesamte Angebot ohne gesonderte Ank\u00fcndigung zu ver\u00e4ndern, zu erg\u00e4nzen, zu l\u00f6schen oder die Ver\u00f6ffentlichung zeitweise oder endg\u00fcltig einzustellen.<\/p>\n<ol start=\"2\">\n<li><strong>Referenzen und Links<\/strong><\/li>\n<\/ol>\n<p>Sofern auf Verweisziele (&#8222;Links&#8220;) direkt oder indirekt verwiesen wird, die au\u00dferhalb des Verantwortungsbereiches des Autors liegen, haftet dieser nur dann, wenn er von den Inhalten Kenntnis hat und es ihm technisch m\u00f6glich und zumutbar w\u00e4re, die Nutzung im Falle rechtswidriger Inhalte zu verhindern. F\u00fcr dar\u00fcber hinausgehende Inhalte und insbesondere f\u00fcr Sch\u00e4den, die aus der Nutzung oder Nichtnutzung solcherart dargebotener Informationen entstehen, haftet allein der Anbieter dieser Seiten, nicht derjenige, der \u00fcber Links auf die jeweilige Ver\u00f6ffentlichung lediglich verweist. Diese Einschr\u00e4nkung gilt gleicherma\u00dfen auch f\u00fcr Fremdeintr\u00e4ge in vom Autor eingerichteten G\u00e4steb\u00fcchern, Diskussionsforen und Mailinglisten.<\/p>\n<ol start=\"3\">\n<li><strong>Urheberrecht<\/strong><\/li>\n<\/ol>\n<p>Der Autor ist bestrebt, in allen Publikationen die Urheberrechte der verwendeten Grafiken, Sounds und Texte zu beachten, von ihm selbst erstellte Grafiken, Sounds und Texte zu nutzen oder auf lizenzfreie Grafiken, Sounds und Texte zur\u00fcckzugreifen. Sollte sich auf den jeweiligen Seiten dennoch eine ungekennzeichnete, aber durch fremdes Copyright gesch\u00fctzte Grafik, ein Sound oder Text befinden, so konnte das Copyright vom Autor nicht festgestellt werden. Im Falle einer solchen unbeabsichtigten Copyrightverletzung wird der Autor das entsprechende Objekt nach Benachrichtigung aus seiner Publikation entfernen bzw. mit dem entsprechenden Copyright kenntlich machen.<\/p>\n<ol start=\"4\">\n<li><strong>Rechtsg\u00fcltigkeit dieses Haftungsausschlusses<\/strong><\/li>\n<\/ol>\n<p>Dieser Haftungsausschluss ist als Teil des Internetangebotes zu betrachten, von dem aus auf diese Seite verwiesen wurde. Sofern Teile oder einzelne Formulierungen dieses Textes der geltenden Rechtslage nicht, nicht mehr oder nicht vollst\u00e4ndig entsprechen sollten, bleiben die \u00fcbrigen Teile des Dokumentes in ihrem Inhalt und ihrer G\u00fcltigkeit davon unber\u00fchrt.<\/p>\n<p><\/p>\n<p>Die Informationen auf der Website von QA Biotech Consultancy haben lediglich informativen Charakter, und es werden alle Anstrengungen unternommen, um sie korrekt und auf dem neuesten Stand zu halten. Diese Informationen sind nicht als Ersatz f\u00fcr Gesetzestexte oder zur Rechtsauslegung gedacht. Im Falle einer Unstimmigkeit zwischen dem Inhalt eines Dokuments auf unserer Website und offiziellen Dokumenten ist der Inhalt des offiziellen Dokuments g\u00fcltig. Links\/Verweise auf externe Websites dienen ausschlie\u00dflich der Bequemlichkeit der Besucher und sollten in keiner Weise als Annahme, Empfehlung oder Billigung interpretiert werden.<\/p>\t\t\t\t\t\t\t\t<\/div>\n\t\t\t\t\t<\/div>\n\t\t\t\t<\/div>\n\t\t\t\t<\/div>\n\t\t","protected":false},"excerpt":{"rendered":"<p>Impressum QA BioTech Consultancy LTDGladstonos 128046 PaphosZypern Telefon AT: +43 6643062020Telefon CY: +357 95 552020E-Mail: info@qabiotechconsultancy.com Handelsregister Nikosia: HE433482 MEHRWERTSTEUER-NUMMER: CY10433482S Haftungsausschluss Inhalt des Online-Angebots Der Autor selbst und die Informationszubringer sind stets bem\u00fcht, qualitativ hochwertige Informationen zur Verf\u00fcgung zu stellen. Dennoch \u00fcbernimmt der Autor keinerlei Gew\u00e4hr f\u00fcr die Aktualit\u00e4t, Korrektheit, Vollst\u00e4ndigkeit oder Qualit\u00e4t der [&hellip;]<\/p>\n","protected":false},"author":2,"featured_media":0,"parent":0,"menu_order":0,"comment_status":"closed","ping_status":"closed","template":"","meta":{"footnotes":""},"class_list":["post-826","page","type-page","status-publish","hentry"],"yoast_head":"<!-- This site is optimized with the Yoast SEO plugin v27.5 - https:\/\/yoast.com\/product\/yoast-seo-wordpress\/ -->\n<title>Impressum - QA Biotech Consultancy<\/title>\n<meta name=\"robots\" content=\"index, follow, max-snippet:-1, max-image-preview:large, max-video-preview:-1\" \/>\n<link rel=\"canonical\" href=\"https:\/\/qabiotechconsultancy.com\/de\/impressum\/\" \/>\n<meta property=\"og:locale\" content=\"de_DE\" \/>\n<meta property=\"og:type\" content=\"article\" \/>\n<meta property=\"og:title\" content=\"Impressum - QA Biotech Consultancy\" \/>\n<meta property=\"og:description\" content=\"Impressum QA BioTech Consultancy LTDGladstonos 128046 PaphosZypern Telefon AT: +43 6643062020Telefon CY: +357 95 552020E-Mail: info@qabiotechconsultancy.com Handelsregister Nikosia: HE433482 MEHRWERTSTEUER-NUMMER: CY10433482S Haftungsausschluss Inhalt des Online-Angebots Der Autor selbst und die Informationszubringer sind stets bem\u00fcht, qualitativ hochwertige Informationen zur Verf\u00fcgung zu stellen. Dennoch \u00fcbernimmt der Autor keinerlei Gew\u00e4hr f\u00fcr die Aktualit\u00e4t, Korrektheit, Vollst\u00e4ndigkeit oder Qualit\u00e4t der [&hellip;]\" \/>\n<meta property=\"og:url\" content=\"https:\/\/qabiotechconsultancy.com\/de\/impressum\/\" \/>\n<meta property=\"og:site_name\" content=\"QA Biotech Consultancy\" \/>\n<meta property=\"article:modified_time\" content=\"2025-08-04T08:10:17+00:00\" \/>\n<meta name=\"twitter:card\" content=\"summary_large_image\" \/>\n<meta name=\"twitter:label1\" content=\"Gesch\u00e4tzte Lesezeit\" \/>\n\t<meta name=\"twitter:data1\" content=\"3\u00a0Minuten\" \/>\n<script type=\"application\/ld+json\" class=\"yoast-schema-graph\">{\"@context\":\"https:\\\/\\\/schema.org\",\"@graph\":[{\"@type\":\"WebPage\",\"@id\":\"https:\\\/\\\/qabiotechconsultancy.com\\\/de\\\/impressum\\\/\",\"url\":\"https:\\\/\\\/qabiotechconsultancy.com\\\/de\\\/impressum\\\/\",\"name\":\"Impressum - QA Biotech Consultancy\",\"isPartOf\":{\"@id\":\"https:\\\/\\\/qabiotechconsultancy.com\\\/de\\\/#website\"},\"datePublished\":\"2025-04-30T12:32:04+00:00\",\"dateModified\":\"2025-08-04T08:10:17+00:00\",\"breadcrumb\":{\"@id\":\"https:\\\/\\\/qabiotechconsultancy.com\\\/de\\\/impressum\\\/#breadcrumb\"},\"inLanguage\":\"de\",\"potentialAction\":[{\"@type\":\"ReadAction\",\"target\":[\"https:\\\/\\\/qabiotechconsultancy.com\\\/de\\\/impressum\\\/\"]}]},{\"@type\":\"BreadcrumbList\",\"@id\":\"https:\\\/\\\/qabiotechconsultancy.com\\\/de\\\/impressum\\\/#breadcrumb\",\"itemListElement\":[{\"@type\":\"ListItem\",\"position\":1,\"name\":\"Home\",\"item\":\"https:\\\/\\\/qabiotechconsultancy.com\\\/de\\\/startseite\\\/\"},{\"@type\":\"ListItem\",\"position\":2,\"name\":\"Impressum\"}]},{\"@type\":\"WebSite\",\"@id\":\"https:\\\/\\\/qabiotechconsultancy.com\\\/de\\\/#website\",\"url\":\"https:\\\/\\\/qabiotechconsultancy.com\\\/de\\\/\",\"name\":\"QA Biotech Consultancy\",\"description\":\"Dr. Gabriela-Nadja Huetz\",\"publisher\":{\"@id\":\"https:\\\/\\\/qabiotechconsultancy.com\\\/de\\\/#organization\"},\"potentialAction\":[{\"@type\":\"SearchAction\",\"target\":{\"@type\":\"EntryPoint\",\"urlTemplate\":\"https:\\\/\\\/qabiotechconsultancy.com\\\/de\\\/?s={search_term_string}\"},\"query-input\":{\"@type\":\"PropertyValueSpecification\",\"valueRequired\":true,\"valueName\":\"search_term_string\"}}],\"inLanguage\":\"de\"},{\"@type\":\"Organization\",\"@id\":\"https:\\\/\\\/qabiotechconsultancy.com\\\/de\\\/#organization\",\"name\":\"QA Biotech Consultancy\",\"url\":\"https:\\\/\\\/qabiotechconsultancy.com\\\/de\\\/\",\"logo\":{\"@type\":\"ImageObject\",\"inLanguage\":\"de\",\"@id\":\"https:\\\/\\\/qabiotechconsultancy.com\\\/de\\\/#\\\/schema\\\/logo\\\/image\\\/\",\"url\":\"https:\\\/\\\/qabiotechconsultancy.com\\\/wp-content\\\/uploads\\\/2025\\\/04\\\/Logo_QA_gruen-scaled.png\",\"contentUrl\":\"https:\\\/\\\/qabiotechconsultancy.com\\\/wp-content\\\/uploads\\\/2025\\\/04\\\/Logo_QA_gruen-scaled.png\",\"width\":2560,\"height\":683,\"caption\":\"QA Biotech Consultancy\"},\"image\":{\"@id\":\"https:\\\/\\\/qabiotechconsultancy.com\\\/de\\\/#\\\/schema\\\/logo\\\/image\\\/\"}}]}<\/script>\n<!-- \/ Yoast SEO plugin. -->","yoast_head_json":{"title":"Impressum - QA Biotech Consultancy","robots":{"index":"index","follow":"follow","max-snippet":"max-snippet:-1","max-image-preview":"max-image-preview:large","max-video-preview":"max-video-preview:-1"},"canonical":"https:\/\/qabiotechconsultancy.com\/de\/impressum\/","og_locale":"de_DE","og_type":"article","og_title":"Impressum - QA Biotech Consultancy","og_description":"Impressum QA BioTech Consultancy LTDGladstonos 128046 PaphosZypern Telefon AT: +43 6643062020Telefon CY: +357 95 552020E-Mail: info@qabiotechconsultancy.com Handelsregister Nikosia: HE433482 MEHRWERTSTEUER-NUMMER: CY10433482S Haftungsausschluss Inhalt des Online-Angebots Der Autor selbst und die Informationszubringer sind stets bem\u00fcht, qualitativ hochwertige Informationen zur Verf\u00fcgung zu stellen. Dennoch \u00fcbernimmt der Autor keinerlei Gew\u00e4hr f\u00fcr die Aktualit\u00e4t, Korrektheit, Vollst\u00e4ndigkeit oder Qualit\u00e4t der [&hellip;]","og_url":"https:\/\/qabiotechconsultancy.com\/de\/impressum\/","og_site_name":"QA Biotech Consultancy","article_modified_time":"2025-08-04T08:10:17+00:00","twitter_card":"summary_large_image","twitter_misc":{"Gesch\u00e4tzte Lesezeit":"3\u00a0Minuten"},"schema":{"@context":"https:\/\/schema.org","@graph":[{"@type":"WebPage","@id":"https:\/\/qabiotechconsultancy.com\/de\/impressum\/","url":"https:\/\/qabiotechconsultancy.com\/de\/impressum\/","name":"Impressum - QA Biotech Consultancy","isPartOf":{"@id":"https:\/\/qabiotechconsultancy.com\/de\/#website"},"datePublished":"2025-04-30T12:32:04+00:00","dateModified":"2025-08-04T08:10:17+00:00","breadcrumb":{"@id":"https:\/\/qabiotechconsultancy.com\/de\/impressum\/#breadcrumb"},"inLanguage":"de","potentialAction":[{"@type":"ReadAction","target":["https:\/\/qabiotechconsultancy.com\/de\/impressum\/"]}]},{"@type":"BreadcrumbList","@id":"https:\/\/qabiotechconsultancy.com\/de\/impressum\/#breadcrumb","itemListElement":[{"@type":"ListItem","position":1,"name":"Home","item":"https:\/\/qabiotechconsultancy.com\/de\/startseite\/"},{"@type":"ListItem","position":2,"name":"Impressum"}]},{"@type":"WebSite","@id":"https:\/\/qabiotechconsultancy.com\/de\/#website","url":"https:\/\/qabiotechconsultancy.com\/de\/","name":"QA Biotech Consultancy","description":"Dr. Gabriela-Nadja Huetz","publisher":{"@id":"https:\/\/qabiotechconsultancy.com\/de\/#organization"},"potentialAction":[{"@type":"SearchAction","target":{"@type":"EntryPoint","urlTemplate":"https:\/\/qabiotechconsultancy.com\/de\/?s={search_term_string}"},"query-input":{"@type":"PropertyValueSpecification","valueRequired":true,"valueName":"search_term_string"}}],"inLanguage":"de"},{"@type":"Organization","@id":"https:\/\/qabiotechconsultancy.com\/de\/#organization","name":"QA Biotech Consultancy","url":"https:\/\/qabiotechconsultancy.com\/de\/","logo":{"@type":"ImageObject","inLanguage":"de","@id":"https:\/\/qabiotechconsultancy.com\/de\/#\/schema\/logo\/image\/","url":"https:\/\/qabiotechconsultancy.com\/wp-content\/uploads\/2025\/04\/Logo_QA_gruen-scaled.png","contentUrl":"https:\/\/qabiotechconsultancy.com\/wp-content\/uploads\/2025\/04\/Logo_QA_gruen-scaled.png","width":2560,"height":683,"caption":"QA Biotech Consultancy"},"image":{"@id":"https:\/\/qabiotechconsultancy.com\/de\/#\/schema\/logo\/image\/"}}]}},"_links":{"self":[{"href":"https:\/\/qabiotechconsultancy.com\/de\/wp-json\/wp\/v2\/pages\/826","targetHints":{"allow":["GET"]}}],"collection":[{"href":"https:\/\/qabiotechconsultancy.com\/de\/wp-json\/wp\/v2\/pages"}],"about":[{"href":"https:\/\/qabiotechconsultancy.com\/de\/wp-json\/wp\/v2\/types\/page"}],"author":[{"embeddable":true,"href":"https:\/\/qabiotechconsultancy.com\/de\/wp-json\/wp\/v2\/users\/2"}],"replies":[{"embeddable":true,"href":"https:\/\/qabiotechconsultancy.com\/de\/wp-json\/wp\/v2\/comments?post=826"}],"version-history":[{"count":1,"href":"https:\/\/qabiotechconsultancy.com\/de\/wp-json\/wp\/v2\/pages\/826\/revisions"}],"predecessor-version":[{"id":827,"href":"https:\/\/qabiotechconsultancy.com\/de\/wp-json\/wp\/v2\/pages\/826\/revisions\/827"}],"wp:attachment":[{"href":"https:\/\/qabiotechconsultancy.com\/de\/wp-json\/wp\/v2\/media?parent=826"}],"curies":[{"name":"wp","href":"https:\/\/api.w.org\/{rel}","templated":true}]}}